{"id":6805,"date":"2017-02-14T15:57:48","date_gmt":"2017-02-14T15:57:48","guid":{"rendered":"http:\/\/www.pencatala.cat\/newsletter\/"},"modified":"2018-01-09T11:54:11","modified_gmt":"2018-01-09T11:54:11","slug":"newsletter","status":"publish","type":"page","link":"https:\/\/www.pencatala.cat\/en\/newsletter\/","title":{"rendered":"Newsletter"},"content":{"rendered":"<p>&nbsp;<\/p>\n<p>P\u00e0gina de newsletter per a m\u00f2bil.<\/p>\n","protected":false},"excerpt":{"rendered":"<p>&nbsp; P\u00e0gina de newsletter per a m\u00f2bil.<\/p>\n","protected":false},"author":4,"featured_media":0,"parent":0,"menu_order":24,"comment_status":"closed","ping_status":"closed","template":"page-newsletter.php","meta":{"_exactmetrics_skip_tracking":false,"_exactmetrics_sitenote_active":false,"_exactmetrics_sitenote_note":"","_exactmetrics_sitenote_category":0,"footnotes":""},"coauthors":[180],"yoast_head":"<!-- This site is optimized with the Yoast SEO plugin v22.2 - https:\/\/yoast.com\/wordpress\/plugins\/seo\/ -->\n<title>Newsletter - PEN Catal\u00e0<\/title>\n<meta name=\"robots\" content=\"index, follow, max-snippet:-1, max-image-preview:large, max-video-preview:-1\" \/>\n<link rel=\"canonical\" href=\"https:\/\/www.pencatala.cat\/en\/newsletter\/\" \/>\n<meta property=\"og:locale\" content=\"en_US\" \/>\n<meta property=\"og:type\" content=\"article\" \/>\n<meta property=\"og:title\" content=\"Newsletter - PEN Catal\u00e0\" \/>\n<meta property=\"og:description\" content=\"&nbsp; P\u00e0gina de newsletter per a m\u00f2bil.\" \/>\n<meta property=\"og:url\" content=\"https:\/\/www.pencatala.cat\/en\/newsletter\/\" \/>\n<meta property=\"og:site_name\" content=\"PEN Catal\u00e0\" \/>\n<meta property=\"article:modified_time\" content=\"2018-01-09T11:54:11+00:00\" \/>\n<meta property=\"og:image\" content=\"http:\/\/www.pencatala.cat\/wp-content\/uploads\/2016\/02\/penlogo.png\" \/>\n<meta name=\"twitter:card\" content=\"summary_large_image\" \/>\n<meta name=\"twitter:image\" content=\"http:\/\/www.pencatala.cat\/wp-content\/uploads\/2016\/02\/penlogo.png\" \/>\n<meta name=\"twitter:label1\" content=\"Written by\" \/>\n\t<meta name=\"twitter:data1\" content=\"bisgrafic\" \/>\n<script type=\"application\/ld+json\" class=\"yoast-schema-graph\">{\"@context\":\"https:\/\/schema.org\",\"@graph\":[{\"@type\":\"WebPage\",\"@id\":\"https:\/\/www.pencatala.cat\/en\/newsletter\/\",\"url\":\"https:\/\/www.pencatala.cat\/en\/newsletter\/\",\"name\":\"Newsletter - PEN Catal\u00e0\",\"isPartOf\":{\"@id\":\"https:\/\/www.pencatala.cat\/#website\"},\"datePublished\":\"2017-02-14T15:57:48+00:00\",\"dateModified\":\"2018-01-09T11:54:11+00:00\",\"breadcrumb\":{\"@id\":\"https:\/\/www.pencatala.cat\/en\/newsletter\/#breadcrumb\"},\"inLanguage\":\"en-US\",\"potentialAction\":[{\"@type\":\"ReadAction\",\"target\":[\"https:\/\/www.pencatala.cat\/en\/newsletter\/\"]}]},{\"@type\":\"BreadcrumbList\",\"@id\":\"https:\/\/www.pencatala.cat\/en\/newsletter\/#breadcrumb\",\"itemListElement\":[{\"@type\":\"ListItem\",\"position\":1,\"name\":\"Inici\",\"item\":\"https:\/\/www.pencatala.cat\/en\/\"},{\"@type\":\"ListItem\",\"position\":2,\"name\":\"Newsletter\"}]},{\"@type\":\"WebSite\",\"@id\":\"https:\/\/www.pencatala.cat\/#website\",\"url\":\"https:\/\/www.pencatala.cat\/\",\"name\":\"PEN Catal\u00e0\",\"description\":\"Altre lloc gestionat amb el WordPress\",\"potentialAction\":[{\"@type\":\"SearchAction\",\"target\":{\"@type\":\"EntryPoint\",\"urlTemplate\":\"https:\/\/www.pencatala.cat\/?s={search_term_string}\"},\"query-input\":\"required name=search_term_string\"}],\"inLanguage\":\"en-US\"}]}<\/script>\n<!-- \/ Yoast SEO plugin. -->","yoast_head_json":{"title":"Newsletter - PEN Catal\u00e0","robots":{"index":"index","follow":"follow","max-snippet":"max-snippet:-1","max-image-preview":"max-image-preview:large","max-video-preview":"max-video-preview:-1"},"canonical":"https:\/\/www.pencatala.cat\/en\/newsletter\/","og_locale":"en_US","og_type":"article","og_title":"Newsletter - PEN Catal\u00e0","og_description":"&nbsp; P\u00e0gina de newsletter per a m\u00f2bil.","og_url":"https:\/\/www.pencatala.cat\/en\/newsletter\/","og_site_name":"PEN Catal\u00e0","article_modified_time":"2018-01-09T11:54:11+00:00","og_image":[{"url":"http:\/\/www.pencatala.cat\/wp-content\/uploads\/2016\/02\/penlogo.png"}],"twitter_card":"summary_large_image","twitter_image":"http:\/\/www.pencatala.cat\/wp-content\/uploads\/2016\/02\/penlogo.png","twitter_misc":{"Written by":"bisgrafic"},"schema":{"@context":"https:\/\/schema.org","@graph":[{"@type":"WebPage","@id":"https:\/\/www.pencatala.cat\/en\/newsletter\/","url":"https:\/\/www.pencatala.cat\/en\/newsletter\/","name":"Newsletter - PEN Catal\u00e0","isPartOf":{"@id":"https:\/\/www.pencatala.cat\/#website"},"datePublished":"2017-02-14T15:57:48+00:00","dateModified":"2018-01-09T11:54:11+00:00","breadcrumb":{"@id":"https:\/\/www.pencatala.cat\/en\/newsletter\/#breadcrumb"},"inLanguage":"en-US","potentialAction":[{"@type":"ReadAction","target":["https:\/\/www.pencatala.cat\/en\/newsletter\/"]}]},{"@type":"BreadcrumbList","@id":"https:\/\/www.pencatala.cat\/en\/newsletter\/#breadcrumb","itemListElement":[{"@type":"ListItem","position":1,"name":"Inici","item":"https:\/\/www.pencatala.cat\/en\/"},{"@type":"ListItem","position":2,"name":"Newsletter"}]},{"@type":"WebSite","@id":"https:\/\/www.pencatala.cat\/#website","url":"https:\/\/www.pencatala.cat\/","name":"PEN Catal\u00e0","description":"Altre lloc gestionat amb el WordPress","potentialAction":[{"@type":"SearchAction","target":{"@type":"EntryPoint","urlTemplate":"https:\/\/www.pencatala.cat\/?s={search_term_string}"},"query-input":"required name=search_term_string"}],"inLanguage":"en-US"}]}},"_links":{"self":[{"href":"https:\/\/www.pencatala.cat\/en\/wp-json\/wp\/v2\/pages\/6805"}],"collection":[{"href":"https:\/\/www.pencatala.cat\/en\/wp-json\/wp\/v2\/pages"}],"about":[{"href":"https:\/\/www.pencatala.cat\/en\/wp-json\/wp\/v2\/types\/page"}],"author":[{"embeddable":true,"href":"https:\/\/www.pencatala.cat\/en\/wp-json\/wp\/v2\/users\/4"}],"replies":[{"embeddable":true,"href":"https:\/\/www.pencatala.cat\/en\/wp-json\/wp\/v2\/comments?post=6805"}],"version-history":[{"count":1,"href":"https:\/\/www.pencatala.cat\/en\/wp-json\/wp\/v2\/pages\/6805\/revisions"}],"predecessor-version":[{"id":6806,"href":"https:\/\/www.pencatala.cat\/en\/wp-json\/wp\/v2\/pages\/6805\/revisions\/6806"}],"wp:attachment":[{"href":"https:\/\/www.pencatala.cat\/en\/wp-json\/wp\/v2\/media?parent=6805"}],"wp:term":[{"taxonomy":"author","embeddable":true,"href":"https:\/\/www.pencatala.cat\/en\/wp-json\/wp\/v2\/coauthors?post=6805"}],"curies":[{"name":"wp","href":"https:\/\/api.w.org\/{rel}","templated":true}]}}